{"id":393,"date":"2020-01-23T08:11:01","date_gmt":"2020-01-23T07:11:01","guid":{"rendered":"https:\/\/rivegauche-magazine.ch\/?page_id=393"},"modified":"2025-06-19T11:31:36","modified_gmt":"2025-06-19T09:31:36","slug":"galeries-anieres","status":"publish","type":"page","link":"https:\/\/geneve-et-vous-magazine.ch\/index.php\/anieres\/galeries-anieres\/","title":{"rendered":"Galerie-Ani\u00e8res"},"content":{"rendered":"<p>[et_pb_section fb_built=\u00a0\u00bb1&Prime; _builder_version=\u00a0\u00bb4.16&Prime; global_colors_info=\u00a0\u00bb{}\u00a0\u00bb][et_pb_row _builder_version=\u00a0\u00bb4.16&Prime; global_colors_info=\u00a0\u00bb{}\u00a0\u00bb][et_pb_column type=\u00a0\u00bb4_4&Prime; _builder_version=\u00a0\u00bb4.16&Prime; custom_padding=\u00a0\u00bb|||\u00a0\u00bb global_colors_info=\u00a0\u00bb{}\u00a0\u00bb custom_padding__hover=\u00a0\u00bb|||\u00a0\u00bb][et_pb_image src=\u00a0\u00bbhttps:\/\/rivegauche-magazine.ch\/wp-content\/uploads\/2021\/11\/Expo-Maude-dAlba.jpg\u00a0\u00bb title_text=\u00a0\u00bbExpo-Maude-dAlba\u00a0\u00bb align=\u00a0\u00bbcenter\u00a0\u00bb force_fullwidth=\u00a0\u00bbon\u00a0\u00bb align_tablet=\u00a0\u00bbcenter\u00a0\u00bb align_phone=\u00a0\u00bb\u00a0\u00bb align_last_edited=\u00a0\u00bbon|desktop\u00a0\u00bb _builder_version=\u00a0\u00bb4.16&Prime; global_colors_info=\u00a0\u00bb{}\u00a0\u00bb][\/et_pb_image][et_pb_text _builder_version=\u00a0\u00bb4.16&Prime; header_font=\u00a0\u00bbGeorgia||||||||\u00a0\u00bb header_font_size=\u00a0\u00bb52px\u00a0\u00bb header_font_size_tablet=\u00a0\u00bb44px\u00a0\u00bb header_font_size_phone=\u00a0\u00bb36px\u00a0\u00bb header_font_size_last_edited=\u00a0\u00bbon|phone\u00a0\u00bb global_colors_info=\u00a0\u00bb{}\u00a0\u00bb]<\/p>\n<h1 style=\"text-align: center;\">GALERIE D\u2019ANI\u00c8RES<\/h1>\n<p style=\"text-align: center;\">Plus d\u2019infos sur : <a href=\"http:\/\/www.anieres.ch\/galerie-anieres\" target=\"_blank\" rel=\"noopener noreferrer\">www.anieres.ch\/galerie-anieres<\/a><\/p>\n<p>[\/et_pb_text][\/et_pb_column][\/et_pb_row][et_pb_row column_structure=\u00a0\u00bb1_2,1_2&Prime; _builder_version=\u00a0\u00bb4.16&Prime; global_colors_info=\u00a0\u00bb{}\u00a0\u00bb][et_pb_column type=\u00a0\u00bb1_2&Prime; _builder_version=\u00a0\u00bb4.16&Prime; custom_padding=\u00a0\u00bb|||\u00a0\u00bb global_colors_info=\u00a0\u00bb{}\u00a0\u00bb custom_padding__hover=\u00a0\u00bb|||\u00a0\u00bb][et_pb_image src=\u00a0\u00bbhttps:\/\/rivegauche-magazine.ch\/wp-content\/uploads\/2025\/06\/anieres_N47_5.jpg\u00a0\u00bb title_text=\u00a0\u00bbanieres_N47_5&Prime; align_tablet=\u00a0\u00bbcenter\u00a0\u00bb align_phone=\u00a0\u00bb\u00a0\u00bb align_last_edited=\u00a0\u00bbon|desktop\u00a0\u00bb _builder_version=\u00a0\u00bb4.17.6&Prime; global_colors_info=\u00a0\u00bb{}\u00a0\u00bb][\/et_pb_image][et_pb_text admin_label=\u00a0\u00bbEXPOSITION 1&Prime; _builder_version=\u00a0\u00bb4.17.6&Prime; text_font=\u00a0\u00bb||||||||\u00a0\u00bb text_orientation=\u00a0\u00bbjustified\u00a0\u00bb custom_padding=\u00a0\u00bb0px|||||\u00a0\u00bb hover_enabled=\u00a0\u00bb0&Prime; global_colors_info=\u00a0\u00bb{}\u00a0\u00bb sticky_enabled=\u00a0\u00bb0&Prime;]<\/p>\n<h1 style=\"text-align: left;\">EXPOSITION VENTE HISTOIRE DE TERRE<\/h1>\n<h3 style=\"text-align: left;\">Du jeudi 12 au samedi 21 juin 2025<\/h3>\n<p>Marianne Leber a ouvert son atelier de c\u00e9ramique \u00ab Histoire de terre \u00bb il y a un peu plus de 30 ans. Elle vous propose pour la deuxi\u00e8me fois dans la galerie d\u2019Ani\u00e8res, une exposition-vente avec ses \u00e9l\u00e8ves adultes. Une trentaine d\u2019exposants o\u00f9 chacun a choisi un th\u00e8me et cr\u00e9\u00e9 quelques objets en c\u00e9ramique et porcelaine. Vernissage : jeudi 12 et vendredi 13 juin de 17h \u00e0 20h<br \/><em>Informations : histoiredeterre.ch et www.anieres.ch\/galerie-anieres<\/em><\/p>\n<p>[\/et_pb_text][\/et_pb_column][et_pb_column type=\u00a0\u00bb1_2&Prime; _builder_version=\u00a0\u00bb4.17.6&Prime; _module_preset=\u00a0\u00bbdefault\u00a0\u00bb global_colors_info=\u00a0\u00bb{}\u00a0\u00bb][et_pb_image src=\u00a0\u00bbhttps:\/\/rivegauche-magazine.ch\/wp-content\/uploads\/2024\/03\/anieres_N43_5.jpg\u00a0\u00bb title_text=\u00a0\u00bbanieres_N43_5&Prime; align_tablet=\u00a0\u00bbcenter\u00a0\u00bb align_phone=\u00a0\u00bb\u00a0\u00bb align_last_edited=\u00a0\u00bbon|desktop\u00a0\u00bb disabled_on=\u00a0\u00bbon|on|on\u00a0\u00bb _builder_version=\u00a0\u00bb4.17.6&Prime; disabled=\u00a0\u00bbon\u00a0\u00bb global_colors_info=\u00a0\u00bb{}\u00a0\u00bb][\/et_pb_image][et_pb_text disabled_on=\u00a0\u00bbon|on|on\u00a0\u00bb admin_label=\u00a0\u00bbEXPOSITION 1&Prime; _builder_version=\u00a0\u00bb4.17.6&Prime; text_font=\u00a0\u00bb||||||||\u00a0\u00bb text_orientation=\u00a0\u00bbjustified\u00a0\u00bb custom_padding=\u00a0\u00bb0px|||||\u00a0\u00bb disabled=\u00a0\u00bbon\u00a0\u00bb global_colors_info=\u00a0\u00bb{}\u00a0\u00bb]<\/p>\n<h1 style=\"text-align: left;\">Xavier Hortala<\/h1>\n<h3 style=\"text-align: left;\">Du mercredi 19 juin au dimanche 30 juin<\/h3>\n<p>Peintures sur toile, papier et bois.<\/p>\n<p>[\/et_pb_text][\/et_pb_column][\/et_pb_row][et_pb_row _builder_version=\u00a0\u00bb4.16&Prime; _module_preset=\u00a0\u00bbdefault\u00a0\u00bb global_colors_info=\u00a0\u00bb{}\u00a0\u00bb][et_pb_column type=\u00a0\u00bb4_4&Prime; _builder_version=\u00a0\u00bb4.16&Prime; _module_preset=\u00a0\u00bbdefault\u00a0\u00bb global_colors_info=\u00a0\u00bb{}\u00a0\u00bb][et_pb_divider _builder_version=\u00a0\u00bb4.16&Prime; _module_preset=\u00a0\u00bbdefault\u00a0\u00bb global_colors_info=\u00a0\u00bb{}\u00a0\u00bb][\/et_pb_divider][\/et_pb_column][\/et_pb_row][\/et_pb_section]<\/p>\n","protected":false},"excerpt":{"rendered":"<p>GALERIE D\u2019ANI\u00c8RES Plus d\u2019infos sur : www.anieres.ch\/galerie-anieresEXPOSITION VENTE HISTOIRE DE TERRE Du jeudi 12 au samedi 21 juin 2025 Marianne Leber a ouvert son atelier de c\u00e9ramique \u00ab Histoire de terre \u00bb il y a un peu plus de 30 ans. Elle vous propose pour la deuxi\u00e8me fois dans la galerie d\u2019Ani\u00e8res, une exposition-vente avec [&hellip;]<\/p>\n","protected":false},"author":1,"featured_media":0,"parent":460,"menu_order":1,"comment_status":"closed","ping_status":"closed","template":"","meta":{"_et_pb_use_builder":"on","_et_pb_old_content":"","_et_gb_content_width":"","footnotes":""},"class_list":["post-393","page","type-page","status-publish","hentry"],"_links":{"self":[{"href":"https:\/\/geneve-et-vous-magazine.ch\/index.php\/wp-json\/wp\/v2\/pages\/393","targetHints":{"allow":["GET"]}}],"collection":[{"href":"https:\/\/geneve-et-vous-magazine.ch\/index.php\/wp-json\/wp\/v2\/pages"}],"about":[{"href":"https:\/\/geneve-et-vous-magazine.ch\/index.php\/wp-json\/wp\/v2\/types\/page"}],"author":[{"embeddable":true,"href":"https:\/\/geneve-et-vous-magazine.ch\/index.php\/wp-json\/wp\/v2\/users\/1"}],"replies":[{"embeddable":true,"href":"https:\/\/geneve-et-vous-magazine.ch\/index.php\/wp-json\/wp\/v2\/comments?post=393"}],"version-history":[{"count":62,"href":"https:\/\/geneve-et-vous-magazine.ch\/index.php\/wp-json\/wp\/v2\/pages\/393\/revisions"}],"predecessor-version":[{"id":16195,"href":"https:\/\/geneve-et-vous-magazine.ch\/index.php\/wp-json\/wp\/v2\/pages\/393\/revisions\/16195"}],"up":[{"embeddable":true,"href":"https:\/\/geneve-et-vous-magazine.ch\/index.php\/wp-json\/wp\/v2\/pages\/460"}],"wp:attachment":[{"href":"https:\/\/geneve-et-vous-magazine.ch\/index.php\/wp-json\/wp\/v2\/media?parent=393"}],"curies":[{"name":"wp","href":"https:\/\/api.w.org\/{rel}","templated":true}]}}