{"id":15202,"date":"2024-07-22T14:47:49","date_gmt":"2024-07-22T12:47:49","guid":{"rendered":"https:\/\/rivegauche-magazine.ch\/?page_id=15202"},"modified":"2024-11-26T14:26:25","modified_gmt":"2024-11-26T13:26:25","slug":"saunice","status":"publish","type":"page","link":"https:\/\/geneve-et-vous-magazine.ch\/index.php\/saunice\/","title":{"rendered":"saunice"},"content":{"rendered":"<p>[et_pb_section fb_built=\u00a0\u00bb1&Prime; _builder_version=\u00a0\u00bb4.16&Prime; global_colors_info=\u00a0\u00bb{}\u00a0\u00bb][et_pb_row _builder_version=\u00a0\u00bb4.16&Prime; global_colors_info=\u00a0\u00bb{}\u00a0\u00bb][et_pb_column type=\u00a0\u00bb4_4&Prime; _builder_version=\u00a0\u00bb4.16&Prime; custom_padding=\u00a0\u00bb|||\u00a0\u00bb global_colors_info=\u00a0\u00bb{}\u00a0\u00bb custom_padding__hover=\u00a0\u00bb|||\u00a0\u00bb][\/et_pb_column][\/et_pb_row][\/et_pb_section][et_pb_section fb_built=\u00a0\u00bb1&Prime; admin_label=\u00a0\u00bbArticles 1 colonne\u00a0\u00bb _builder_version=\u00a0\u00bb4.16&Prime; custom_margin=\u00a0\u00bb||\u00a0\u00bb custom_padding=\u00a0\u00bb0px|||||\u00a0\u00bb global_colors_info=\u00a0\u00bb{}\u00a0\u00bb][et_pb_row column_structure=\u00a0\u00bb1_2,1_2&Prime; admin_label=\u00a0\u00bbTitre Agenda\u00a0\u00bb _builder_version=\u00a0\u00bb4.16&Prime; custom_margin=\u00a0\u00bb||\u00a0\u00bb custom_padding=\u00a0\u00bb0px||0px|||\u00a0\u00bb global_colors_info=\u00a0\u00bb{}\u00a0\u00bb][et_pb_column type=\u00a0\u00bb1_2&Prime; _builder_version=\u00a0\u00bb4.16&Prime; custom_padding=\u00a0\u00bb0px|||\u00a0\u00bb global_colors_info=\u00a0\u00bb{}\u00a0\u00bb custom_padding__hover=\u00a0\u00bb|||\u00a0\u00bb][et_pb_image src=\u00a0\u00bbhttps:\/\/rivegauche-magazine.ch\/wp-content\/uploads\/2024\/11\/saun_ice_45.jpg\u00a0\u00bb title_text=\u00a0\u00bbsaun_ice_45&Prime; align_tablet=\u00a0\u00bbcenter\u00a0\u00bb align_phone=\u00a0\u00bb\u00a0\u00bb align_last_edited=\u00a0\u00bbon|desktop\u00a0\u00bb _builder_version=\u00a0\u00bb4.17.6&Prime; global_colors_info=\u00a0\u00bb{}\u00a0\u00bb][\/et_pb_image][\/et_pb_column][et_pb_column type=\u00a0\u00bb1_2&Prime; _builder_version=\u00a0\u00bb4.16&Prime; custom_padding=\u00a0\u00bb|||\u00a0\u00bb global_colors_info=\u00a0\u00bb{}\u00a0\u00bb custom_padding__hover=\u00a0\u00bb|||\u00a0\u00bb][et_pb_text admin_label=\u00a0\u00bbNOM CLIENT\u00a0\u00bb _builder_version=\u00a0\u00bb4.17.6&Prime; header_font=\u00a0\u00bb|||||on|||\u00a0\u00bb header_text_align=\u00a0\u00bbleft\u00a0\u00bb header_text_color=\u00a0\u00bb#000000&Prime; header_font_size=\u00a0\u00bb48px\u00a0\u00bb custom_margin=\u00a0\u00bb|||\u00a0\u00bb header_font_size_tablet=\u00a0\u00bb36px\u00a0\u00bb header_font_size_phone=\u00a0\u00bb24px\u00a0\u00bb header_font_size_last_edited=\u00a0\u00bbon|tablet\u00a0\u00bb global_colors_info=\u00a0\u00bb{}\u00a0\u00bb]<\/p>\n<h1 style=\"text-align: left;\"><span class=\"ILfuVd\" lang=\"fr\"><span class=\"hgKElc\">Saun&rsquo;Ice<\/span><\/span><\/h1>\n<p>[\/et_pb_text][et_pb_text admin_label=\u00a0\u00bbDESCRIPTION\u00a0\u00bb _builder_version=\u00a0\u00bb4.17.6&Prime; global_colors_info=\u00a0\u00bb{}\u00a0\u00bb]<\/p>\n<h3 style=\"text-align: justify;\"><strong>Hot &amp; Cold Concepts<br \/><\/strong><\/h3>\n<div id=\"comp-itmumu82\" class=\"KcpHeO tz5f0K comp-itmumu82 wixui-rich-text\" data-testid=\"richTextElement\">\n<p class=\"font_8 wixui-rich-text__text\" style=\"line-height: 1.5em; text-align: justify; font-size: 14px;\">Vivez l\u2019exp\u00e9rience Saun\u2019Ice :<br \/>sauna &amp; bain froid privatif sur la rive gauche<br \/>et cet automne \u00e0 Hermance.<\/p>\n<p class=\"font_8 wixui-rich-text__text\" style=\"line-height: 1.5em; text-align: justify; font-size: 14px;\"><br class=\"wixui-rich-text__text\" \/><span style=\"letter-spacing: 0.05em;\" class=\"wixui-rich-text__text\">Saun\u2019Ice vous convie \u00e0 vivre l\u2019exp\u00e9rience sensorielle du chaud et du froid avec ses saunas et bains froids privatifs. Avec Henri Baussand, passionn\u00e9 de sauna et d\u2019immersion en eau froide, vous serez guid\u00e9 dans l\u2019exp\u00e9rience et la connaissance des bienfaits du chaud et du froid pour le corps et l\u2019esprit.<br \/><\/span><\/p>\n<p class=\"font_8 wixui-rich-text__text\" style=\"line-height: 1.5em; text-align: justify; font-size: 14px;\"><strong><span style=\"letter-spacing: 0.05em;\" class=\"wixui-rich-text__text\">Sauna \u00e9quip\u00e9 d\u2019un petit vestiaire<\/span><\/strong><\/p>\n<p class=\"font_8 wixui-rich-text__text\" style=\"line-height: 1.5em; text-align: justify; font-size: 14px;\"><span style=\"letter-spacing: 0.05em;\" class=\"wixui-rich-text__text\">S\u00e9ances privatives par tranches de 2h, temps de chauffe inclus (30 minutes)<\/span><\/p>\n<p class=\"font_8 wixui-rich-text__text\" style=\"line-height: 1.5em; text-align: justify; font-size: 14px;\"><span style=\"letter-spacing: 0.05em;\" class=\"wixui-rich-text__text\">Tarif unique : <strong>50.- pour 2h \/ 1 \u00e0 6 personnes<\/strong><br \/><\/span><\/p>\n<p class=\"font_8 wixui-rich-text__text\" style=\"line-height: 1.5em; text-align: justify; font-size: 14px;\"><span style=\"letter-spacing: 0.05em;\" class=\"wixui-rich-text__text\"><strong>Carte 10 s\u00e9ances 400.-<br \/>Premi\u00e8re r\u00e9servation d\u00e8s 9h <br \/>Derni\u00e8re r\u00e9servation \u00e0 19h<\/strong><\/span><\/p>\n<p class=\"font_8 wixui-rich-text__text\" style=\"line-height: 1.5em; text-align: justify; font-size: 14px;\"><span style=\"letter-spacing: 0.05em;\" class=\"wixui-rich-text__text\">Ouvert 7 jours sur 7 <br \/>sauf circonstances exceptionnelles<\/span><\/p>\n<\/div>\n<p>[\/et_pb_text][et_pb_text admin_label=\u00a0\u00bbCONTACT\u00a0\u00bb _builder_version=\u00a0\u00bb4.17.6&Prime; global_colors_info=\u00a0\u00bb{}\u00a0\u00bb]<\/p>\n<p>T\u00e9l. 079 358 21 16 |\u00a0 <a href=\"mailto:ghimmobilier@hotmail.com\">csaun-ice@ikmail.com<\/a><\/p>\n<p>Informations :<br \/>Du lundi au dimanche de 10h \u00e0 21h<br \/>S\u00e9ance de 1h30 \u00e0 90 CHF<br \/>Jusqu\u2019\u00e0 6 personnes<\/p>\n<p>[\/et_pb_text][et_pb_button button_url=\u00a0\u00bbhttp:\/\/saunice.ch\/\u00a0\u00bb url_new_window=\u00a0\u00bbon\u00a0\u00bb button_text=\u00a0\u00bbSITE INTERNET\u00a0\u00bb admin_label=\u00a0\u00bbBOUTON SITE WEB\u00a0\u00bb _builder_version=\u00a0\u00bb4.17.6&Prime; global_colors_info=\u00a0\u00bb{}\u00a0\u00bb][\/et_pb_button][\/et_pb_column][\/et_pb_row][et_pb_row _builder_version=\u00a0\u00bb4.16&Prime; _module_preset=\u00a0\u00bbdefault\u00a0\u00bb global_colors_info=\u00a0\u00bb{}\u00a0\u00bb][et_pb_column type=\u00a0\u00bb4_4&Prime; _builder_version=\u00a0\u00bb4.16&Prime; _module_preset=\u00a0\u00bbdefault\u00a0\u00bb global_colors_info=\u00a0\u00bb{}\u00a0\u00bb][et_pb_divider _builder_version=\u00a0\u00bb4.16&Prime; _module_preset=\u00a0\u00bbdefault\u00a0\u00bb global_colors_info=\u00a0\u00bb{}\u00a0\u00bb][\/et_pb_divider][\/et_pb_column][\/et_pb_row][\/et_pb_section]<\/p>\n","protected":false},"excerpt":{"rendered":"<p>Saun&rsquo;IceHot &amp; Cold Concepts Vivez l\u2019exp\u00e9rience Saun\u2019Ice :sauna &amp; bain froid privatif sur la rive gaucheet cet automne \u00e0 Hermance. Saun\u2019Ice vous convie \u00e0 vivre l\u2019exp\u00e9rience sensorielle du chaud et du froid avec ses saunas et bains froids privatifs. Avec Henri Baussand, passionn\u00e9 de sauna et d\u2019immersion en eau froide, vous serez guid\u00e9 dans l\u2019exp\u00e9rience [&hellip;]<\/p>\n","protected":false},"author":2,"featured_media":0,"parent":0,"menu_order":0,"comment_status":"closed","ping_status":"closed","template":"","meta":{"_et_pb_use_builder":"on","_et_pb_old_content":"","_et_gb_content_width":"","footnotes":""},"class_list":["post-15202","page","type-page","status-publish","hentry"],"_links":{"self":[{"href":"https:\/\/geneve-et-vous-magazine.ch\/index.php\/wp-json\/wp\/v2\/pages\/15202","targetHints":{"allow":["GET"]}}],"collection":[{"href":"https:\/\/geneve-et-vous-magazine.ch\/index.php\/wp-json\/wp\/v2\/pages"}],"about":[{"href":"https:\/\/geneve-et-vous-magazine.ch\/index.php\/wp-json\/wp\/v2\/types\/page"}],"author":[{"embeddable":true,"href":"https:\/\/geneve-et-vous-magazine.ch\/index.php\/wp-json\/wp\/v2\/users\/2"}],"replies":[{"embeddable":true,"href":"https:\/\/geneve-et-vous-magazine.ch\/index.php\/wp-json\/wp\/v2\/comments?post=15202"}],"version-history":[{"count":6,"href":"https:\/\/geneve-et-vous-magazine.ch\/index.php\/wp-json\/wp\/v2\/pages\/15202\/revisions"}],"predecessor-version":[{"id":15410,"href":"https:\/\/geneve-et-vous-magazine.ch\/index.php\/wp-json\/wp\/v2\/pages\/15202\/revisions\/15410"}],"wp:attachment":[{"href":"https:\/\/geneve-et-vous-magazine.ch\/index.php\/wp-json\/wp\/v2\/media?parent=15202"}],"curies":[{"name":"wp","href":"https:\/\/api.w.org\/{rel}","templated":true}]}}