{"id":13442,"date":"2024-02-16T10:28:45","date_gmt":"2024-02-16T09:28:45","guid":{"rendered":"https:\/\/rivegauche-magazine.ch\/?page_id=13442"},"modified":"2024-07-22T14:36:59","modified_gmt":"2024-07-22T12:36:59","slug":"actualise","status":"publish","type":"page","link":"https:\/\/geneve-et-vous-magazine.ch\/index.php\/actualise\/","title":{"rendered":"actualise"},"content":{"rendered":"<p>[et_pb_section fb_built=\u00a0\u00bb1&Prime; _builder_version=\u00a0\u00bb4.16&Prime; global_colors_info=\u00a0\u00bb{}\u00a0\u00bb][et_pb_row _builder_version=\u00a0\u00bb4.16&Prime; global_colors_info=\u00a0\u00bb{}\u00a0\u00bb][et_pb_column type=\u00a0\u00bb4_4&Prime; _builder_version=\u00a0\u00bb4.16&Prime; custom_padding=\u00a0\u00bb|||\u00a0\u00bb global_colors_info=\u00a0\u00bb{}\u00a0\u00bb custom_padding__hover=\u00a0\u00bb|||\u00a0\u00bb][\/et_pb_column][\/et_pb_row][\/et_pb_section][et_pb_section fb_built=\u00a0\u00bb1&Prime; admin_label=\u00a0\u00bbArticles 1 colonne\u00a0\u00bb _builder_version=\u00a0\u00bb4.16&Prime; custom_margin=\u00a0\u00bb||\u00a0\u00bb custom_padding=\u00a0\u00bb0px|||||\u00a0\u00bb global_colors_info=\u00a0\u00bb{}\u00a0\u00bb][et_pb_row column_structure=\u00a0\u00bb1_2,1_2&Prime; admin_label=\u00a0\u00bbTitre Agenda\u00a0\u00bb _builder_version=\u00a0\u00bb4.16&Prime; custom_margin=\u00a0\u00bb||\u00a0\u00bb custom_padding=\u00a0\u00bb0px||0px|||\u00a0\u00bb global_colors_info=\u00a0\u00bb{}\u00a0\u00bb][et_pb_column type=\u00a0\u00bb1_2&Prime; _builder_version=\u00a0\u00bb4.16&Prime; custom_padding=\u00a0\u00bb0px|||\u00a0\u00bb global_colors_info=\u00a0\u00bb{}\u00a0\u00bb custom_padding__hover=\u00a0\u00bb|||\u00a0\u00bb][et_pb_image src=\u00a0\u00bbhttps:\/\/rivegauche-magazine.ch\/wp-content\/uploads\/2024\/07\/ACTUALISE_1-4-P_N44.jpg\u00a0\u00bb title_text=\u00a0\u00bbACTUALISE_1-4 P_N44&Prime; url=\u00a0\u00bbhttps:\/\/www.actualise.ch\/\u00a0\u00bb align_tablet=\u00a0\u00bbcenter\u00a0\u00bb align_phone=\u00a0\u00bb\u00a0\u00bb align_last_edited=\u00a0\u00bbon|desktop\u00a0\u00bb _builder_version=\u00a0\u00bb4.17.6&Prime; hover_enabled=\u00a0\u00bb0&Prime; global_colors_info=\u00a0\u00bb{}\u00a0\u00bb sticky_enabled=\u00a0\u00bb0&Prime;][\/et_pb_image][\/et_pb_column][et_pb_column type=\u00a0\u00bb1_2&Prime; _builder_version=\u00a0\u00bb4.16&Prime; custom_padding=\u00a0\u00bb|||\u00a0\u00bb global_colors_info=\u00a0\u00bb{}\u00a0\u00bb custom_padding__hover=\u00a0\u00bb|||\u00a0\u00bb][et_pb_text admin_label=\u00a0\u00bbNOM CLIENT\u00a0\u00bb _builder_version=\u00a0\u00bb4.17.6&Prime; header_font=\u00a0\u00bb|||||on|||\u00a0\u00bb header_text_align=\u00a0\u00bbleft\u00a0\u00bb header_text_color=\u00a0\u00bb#000000&Prime; header_font_size=\u00a0\u00bb48px\u00a0\u00bb custom_margin=\u00a0\u00bb|||\u00a0\u00bb header_font_size_tablet=\u00a0\u00bb36px\u00a0\u00bb header_font_size_phone=\u00a0\u00bb24px\u00a0\u00bb header_font_size_last_edited=\u00a0\u00bbon|tablet\u00a0\u00bb global_colors_info=\u00a0\u00bb{}\u00a0\u00bb]<\/p>\n<h1 style=\"text-align: left;\"><span class=\"ILfuVd\" lang=\"fr\"><span class=\"hgKElc\">ACTUALISE<\/span><\/span><\/h1>\n<h1 style=\"text-align: left;\"><span class=\"ILfuVd\" lang=\"fr\"><span class=\"hgKElc\">Sophrologie &#8211; Hypnoth\u00e9rapie &#8211; EMDR<br \/><\/span><\/span><\/h1>\n<p>[\/et_pb_text][et_pb_text admin_label=\u00a0\u00bbDESCRIPTION\u00a0\u00bb _builder_version=\u00a0\u00bb4.17.6&Prime; global_colors_info=\u00a0\u00bb{}\u00a0\u00bb]<\/p>\n<h3 style=\"text-align: justify;\"><strong>Sophrologie<\/strong><\/h3>\n<div id=\"comp-itmumu82\" class=\"KcpHeO tz5f0K comp-itmumu82 wixui-rich-text\" data-testid=\"richTextElement\">Vous cherchez \u00e0 vous sentir plus calme, plus d\u00e9tendu, mieux g\u00e9rer les \u00e9motions au quotidien ?<br \/>Vous voulez vous lib\u00e9rer de l\u2019anxi\u00e9t\u00e9, retrouver la confiance, mieux dormir ?<br \/>La sophrologie peut vous aider !<\/div>\n<div class=\"KcpHeO tz5f0K comp-itmumu82 wixui-rich-text\" data-testid=\"richTextElement\"><\/div>\n<div class=\"KcpHeO tz5f0K comp-itmumu82 wixui-rich-text\" data-testid=\"richTextElement\">\n<h3 style=\"text-align: justify;\"><strong><\/strong><\/h3>\n<h3 style=\"text-align: justify;\"><strong><\/strong><\/h3>\n<h3 style=\"text-align: justify;\"><strong><\/strong><\/h3>\n<h3 style=\"text-align: justify;\"><strong>L\u2019hypnose<\/strong><\/h3>\n<p>Vous cherchez \u00e0 vous soulager d\u2019une habitude ind\u00e9sirable, d\u2019une peur ou de blocages \u00e9motionnels, ou mieux g\u00e9rer des douleurs ?<br \/>L\u2019hypnose peut vous aider !<\/p>\n<\/div>\n<div class=\"KcpHeO tz5f0K comp-itmumu82 wixui-rich-text\" data-testid=\"richTextElement\"><\/div>\n<div class=\"KcpHeO tz5f0K comp-itmumu82 wixui-rich-text\" data-testid=\"richTextElement\">\n<h3 style=\"text-align: justify;\"><strong><\/strong><\/h3>\n<h3 style=\"text-align: justify;\"><strong><\/strong><\/h3>\n<h3 style=\"text-align: justify;\"><strong><\/strong><\/h3>\n<h3 style=\"text-align: justify;\"><strong>EMDR<\/strong><\/h3>\n<p>Vous cherchez \u00e0 surmonter un \u00e9v\u00e9nement traumatique ou une phobie ?<br \/>Vous voulez vous lib\u00e9rer des souvenirs douloureux qui vous emp\u00eachent de vivre pleinement votre vie ?<br \/>L\u2019EMDR peut vous aider !<\/p>\n<p>&nbsp;<\/p>\n<h3 style=\"text-align: justify;\"><strong>La th\u00e9rapeute<\/strong><span style=\"letter-spacing: 0.05em;\" class=\"wixui-rich-text__text\"><span class=\"wixGuard wixui-rich-text__text\"><\/span><\/span><\/h3>\n<p class=\"font_8 wixui-rich-text__text\" style=\"line-height: 1.5em; text-align: justify; font-size: 14px;\"><span style=\"letter-spacing: 0.05em;\" class=\"wixui-rich-text__text\"><span class=\"wixGuard wixui-rich-text__text\">\u200b<\/span><\/span>Sp\u00e9cialis\u00e9e dans la pr\u00e9vention et le traitement du stress, des \u00e9motions, des troubles anxieux et des traumatismes au quotidien. Cabinet depuis 2012 en psychologie compl\u00e9mentaire pour adultes et adolescents. Partenaire du r\u00e9seau des Psy R\u00e9unis.<br \/>Master Sophrologue cayc\u00e9dien. Ma\u00eetre praticien en hypnose, sp\u00e9cialis\u00e9e en hypnoth\u00e9rapie. Ma\u00eetre praticien en PNL avec une expertise en coaching PNL sant\u00e9. Praticien en EMDR.<\/p>\n<\/div>\n<p>[\/et_pb_text][et_pb_text admin_label=\u00a0\u00bbCONTACT\u00a0\u00bb _builder_version=\u00a0\u00bb4.17.6&Prime; global_colors_info=\u00a0\u00bb{}\u00a0\u00bb]<\/p>\n<p>Chausse-Coq 8 bis &#8211; 1204 Gen\u00e8ve<br \/>T\u00e9l. 079 438 61 06 | actualisersavie<a href=\"mailto:ghimmobilier@hotmail.com\">@gmail.com<\/a><\/p>\n<p>[\/et_pb_text][et_pb_button button_url=\u00a0\u00bbhttps:\/\/calendly.com\/actualisersavie\/seance-en-presentiel?month=2024-02&Prime; url_new_window=\u00a0\u00bbon\u00a0\u00bb button_text=\u00a0\u00bbPRENDRE RENDEZ-VOUS\u00a0\u00bb admin_label=\u00a0\u00bbBOUTON SITE WEB\u00a0\u00bb _builder_version=\u00a0\u00bb4.17.6&Prime; global_colors_info=\u00a0\u00bb{}\u00a0\u00bb][\/et_pb_button][\/et_pb_column][\/et_pb_row][et_pb_row _builder_version=\u00a0\u00bb4.16&Prime; _module_preset=\u00a0\u00bbdefault\u00a0\u00bb global_colors_info=\u00a0\u00bb{}\u00a0\u00bb][et_pb_column type=\u00a0\u00bb4_4&Prime; _builder_version=\u00a0\u00bb4.16&Prime; _module_preset=\u00a0\u00bbdefault\u00a0\u00bb global_colors_info=\u00a0\u00bb{}\u00a0\u00bb][et_pb_divider _builder_version=\u00a0\u00bb4.16&Prime; _module_preset=\u00a0\u00bbdefault\u00a0\u00bb global_colors_info=\u00a0\u00bb{}\u00a0\u00bb][\/et_pb_divider][\/et_pb_column][\/et_pb_row][\/et_pb_section]<\/p>\n","protected":false},"excerpt":{"rendered":"<p>ACTUALISE Sophrologie &#8211; Hypnoth\u00e9rapie &#8211; EMDRSophrologie Vous cherchez \u00e0 vous sentir plus calme, plus d\u00e9tendu, mieux g\u00e9rer les \u00e9motions au quotidien ?Vous voulez vous lib\u00e9rer de l\u2019anxi\u00e9t\u00e9, retrouver la confiance, mieux dormir ?La sophrologie peut vous aider ! L\u2019hypnose Vous cherchez \u00e0 vous soulager d\u2019une habitude ind\u00e9sirable, d\u2019une peur ou de blocages \u00e9motionnels, ou mieux [&hellip;]<\/p>\n","protected":false},"author":2,"featured_media":0,"parent":0,"menu_order":0,"comment_status":"closed","ping_status":"closed","template":"","meta":{"_et_pb_use_builder":"on","_et_pb_old_content":"","_et_gb_content_width":"","footnotes":""},"class_list":["post-13442","page","type-page","status-publish","hentry"],"_links":{"self":[{"href":"https:\/\/geneve-et-vous-magazine.ch\/index.php\/wp-json\/wp\/v2\/pages\/13442","targetHints":{"allow":["GET"]}}],"collection":[{"href":"https:\/\/geneve-et-vous-magazine.ch\/index.php\/wp-json\/wp\/v2\/pages"}],"about":[{"href":"https:\/\/geneve-et-vous-magazine.ch\/index.php\/wp-json\/wp\/v2\/types\/page"}],"author":[{"embeddable":true,"href":"https:\/\/geneve-et-vous-magazine.ch\/index.php\/wp-json\/wp\/v2\/users\/2"}],"replies":[{"embeddable":true,"href":"https:\/\/geneve-et-vous-magazine.ch\/index.php\/wp-json\/wp\/v2\/comments?post=13442"}],"version-history":[{"count":9,"href":"https:\/\/geneve-et-vous-magazine.ch\/index.php\/wp-json\/wp\/v2\/pages\/13442\/revisions"}],"predecessor-version":[{"id":15195,"href":"https:\/\/geneve-et-vous-magazine.ch\/index.php\/wp-json\/wp\/v2\/pages\/13442\/revisions\/15195"}],"wp:attachment":[{"href":"https:\/\/geneve-et-vous-magazine.ch\/index.php\/wp-json\/wp\/v2\/media?parent=13442"}],"curies":[{"name":"wp","href":"https:\/\/api.w.org\/{rel}","templated":true}]}}